{"id":10977,"date":"2025-08-20T10:51:56","date_gmt":"2025-08-20T08:51:56","guid":{"rendered":"https:\/\/martarossignol.com\/?page_id=10977"},"modified":"2025-09-10T11:54:10","modified_gmt":"2025-09-10T09:54:10","slug":"vimeo-itinerances","status":"publish","type":"page","link":"https:\/\/martarossignol.com\/en\/vimeo-itinerances\/","title":{"rendered":"Vimeo &#8211; Itin\u00e9rances"},"content":{"rendered":"<div data-elementor-type=\"wp-page\" data-elementor-id=\"10977\" class=\"elementor elementor-10977\" data-elementor-post-type=\"page\">\n\t\t\t\t\t\t<section class=\"elementor-section elementor-top-section elementor-element elementor-element-65d460d elementor-section-boxed elementor-section-height-default elementor-section-height-default\" data-id=\"65d460d\" data-element_type=\"section\">\n\t\t\t\t\t\t<div class=\"elementor-container elementor-column-gap-default\">\n\t\t\t\t\t<div class=\"elementor-column elementor-col-100 elementor-top-column elementor-element elementor-element-7c82206\" data-id=\"7c82206\" data-element_type=\"column\">\n\t\t\t<div class=\"elementor-widget-wrap elementor-element-populated\">\n\t\t\t\t\t\t<div class=\"elementor-element elementor-element-33b68e5 elementor-widget elementor-widget-video\" data-id=\"33b68e5\" data-element_type=\"widget\" data-settings=\"{&quot;video_type&quot;:&quot;vimeo&quot;}\" data-widget_type=\"video.default\">\n\t\t\t\t<div class=\"elementor-widget-container\">\n\t\t\t\t\t\t\t<div class=\"elementor-wrapper elementor-open-inline\">\n\t\t\t<iframe class=\"elementor-video-iframe\" allowfullscreen allow=\"clipboard-write\" title=\"vimeo Video Player\" src=\"https:\/\/player.vimeo.com\/video\/1073721943?color&amp;autopause=0&amp;loop=0&amp;muted=0&amp;title=1&amp;portrait=1&amp;byline=1#t=\"><\/iframe>\t\t<\/div>\n\t\t\t\t\t\t<\/div>\n\t\t\t\t<\/div>\n\t\t\t\t<div class=\"elementor-element elementor-element-af78c71 elementor-widget elementor-widget-text-editor\" data-id=\"af78c71\" data-element_type=\"widget\" data-widget_type=\"text-editor.default\">\n\t\t\t\t<div class=\"elementor-widget-container\">\n\t\t\t\t\t\t\t\t\t<p><em>Le dernier p\u00e9riple<\/em><\/p><p><em>Apr\u00e8s trente ans de bons et loyaux services sur les routes ternes de la vie quotidienne : m\u00e9tro, boulot, dodo, notre vieille Super 5 m\u00e9rite bien qu\u2019avant sa retraite, nous d\u00e9cidions d\u2019\u00e9gayer son ultime horizon. <\/em><br \/><em>Voici venu pour elle le temps des pistes du Sahara, des djebels ensoleill\u00e9s, des oueds ass\u00e9ch\u00e9s, des montagnes de l\u2019Atlas enneig\u00e9es, des vall\u00e9es du Rif&#8230;<\/em><br \/><em>Elle va parcourir 10000 km, de Bordeaux jusqu&rsquo;aux portes de la Mauritanie, avant de revenir \u00e0 son point de d\u00e9part.<\/em><\/p><p><strong>Itin\u00e9rances<\/strong><\/p><p>Partir &#8230;<br \/>Se sentir berc\u00e9 par le souffle du moteur,<br \/>Se perdre au milieu de nulle part,<br \/>enivr\u00e9 par le m\u00e9tronome vertigineux de la route,<br \/>Plonger dans un \u00e9tat d&rsquo;absence, o\u00f9 n&rsquo;existent plus que de vastes espaces,<br \/>o\u00f9 les couleurs de la vie s&rsquo;\u00e9vaporent, o\u00f9 le temps s&rsquo;\u00e9chappe et n&rsquo;existe plus,<br \/>Rouler \u00e0 l&rsquo;infini jusqu&rsquo;au cr\u00e9puscule,<br \/>Se laisser envelopper par la nuit,<br \/>Partir &#8230;<\/p>\t\t\t\t\t\t\t\t<\/div>\n\t\t\t\t<\/div>\n\t\t\t\t\t<\/div>\n\t\t<\/div>\n\t\t\t\t\t<\/div>\n\t\t<\/section>\n\t\t\t\t<\/div>","protected":false},"excerpt":{"rendered":"<p>https:\/\/vimeo.com\/1073721943 Le dernier p\u00e9riple Apr\u00e8s trente ans de bons et loyaux services sur les routes ternes de la vie quotidienne : m\u00e9tro, boulot, dodo, notre vieille Super 5 m\u00e9rite bien qu\u2019avant sa retraite, nous d\u00e9cidions d\u2019\u00e9gayer son ultime horizon. Voici venu pour elle le temps des pistes du Sahara, des djebels ensoleill\u00e9s, des oueds ass\u00e9ch\u00e9s, [&hellip;]<\/p>","protected":false},"author":1,"featured_media":0,"parent":0,"menu_order":0,"comment_status":"closed","ping_status":"closed","template":"","meta":{"footnotes":""},"class_list":["post-10977","page","type-page","status-publish","hentry"],"yoast_head":"<!-- This site is optimized with the Yoast SEO plugin v24.3 - https:\/\/yoast.com\/wordpress\/plugins\/seo\/ -->\n<title>Vimeo - Itin\u00e9rances - Marta Rossignol<\/title>\n<meta name=\"robots\" content=\"index, follow, max-snippet:-1, max-image-preview:large, max-video-preview:-1\" \/>\n<link rel=\"canonical\" href=\"https:\/\/martarossignol.com\/en\/vimeo-itinerances\/\" \/>\n<meta property=\"og:locale\" content=\"en_US\" \/>\n<meta property=\"og:type\" content=\"article\" \/>\n<meta property=\"og:title\" content=\"Vimeo - Itin\u00e9rances - Marta Rossignol\" \/>\n<meta property=\"og:description\" content=\"https:\/\/vimeo.com\/1073721943 Le dernier p\u00e9riple Apr\u00e8s trente ans de bons et loyaux services sur les routes ternes de la vie quotidienne : m\u00e9tro, boulot, dodo, notre vieille Super 5 m\u00e9rite bien qu\u2019avant sa retraite, nous d\u00e9cidions d\u2019\u00e9gayer son ultime horizon. Voici venu pour elle le temps des pistes du Sahara, des djebels ensoleill\u00e9s, des oueds ass\u00e9ch\u00e9s, [&hellip;]\" \/>\n<meta property=\"og:url\" content=\"https:\/\/martarossignol.com\/en\/vimeo-itinerances\/\" \/>\n<meta property=\"og:site_name\" content=\"Marta Rossignol\" \/>\n<meta property=\"article:modified_time\" content=\"2025-09-10T09:54:10+00:00\" \/>\n<meta name=\"twitter:card\" content=\"summary_large_image\" \/>\n<meta name=\"twitter:label1\" content=\"Est. reading time\" \/>\n\t<meta name=\"twitter:data1\" content=\"1 minute\" \/>\n<script type=\"application\/ld+json\" class=\"yoast-schema-graph\">{\"@context\":\"https:\/\/schema.org\",\"@graph\":[{\"@type\":\"WebPage\",\"@id\":\"https:\/\/martarossignol.com\/vimeo-itinerances\/\",\"url\":\"https:\/\/martarossignol.com\/vimeo-itinerances\/\",\"name\":\"Vimeo - Itin\u00e9rances - Marta Rossignol\",\"isPartOf\":{\"@id\":\"https:\/\/martarossignol.com\/#website\"},\"datePublished\":\"2025-08-20T08:51:56+00:00\",\"dateModified\":\"2025-09-10T09:54:10+00:00\",\"breadcrumb\":{\"@id\":\"https:\/\/martarossignol.com\/vimeo-itinerances\/#breadcrumb\"},\"inLanguage\":\"en-US\",\"potentialAction\":[{\"@type\":\"ReadAction\",\"target\":[\"https:\/\/martarossignol.com\/vimeo-itinerances\/\"]}]},{\"@type\":\"BreadcrumbList\",\"@id\":\"https:\/\/martarossignol.com\/vimeo-itinerances\/#breadcrumb\",\"itemListElement\":[{\"@type\":\"ListItem\",\"position\":1,\"name\":\"Accueil\",\"item\":\"https:\/\/martarossignol.com\/\"},{\"@type\":\"ListItem\",\"position\":2,\"name\":\"Vimeo &#8211; Itin\u00e9rances\"}]},{\"@type\":\"WebSite\",\"@id\":\"https:\/\/martarossignol.com\/#website\",\"url\":\"https:\/\/martarossignol.com\/\",\"name\":\"Marta Rossignol\",\"description\":\"Auteur photographe\",\"potentialAction\":[{\"@type\":\"SearchAction\",\"target\":{\"@type\":\"EntryPoint\",\"urlTemplate\":\"https:\/\/martarossignol.com\/?s={search_term_string}\"},\"query-input\":{\"@type\":\"PropertyValueSpecification\",\"valueRequired\":true,\"valueName\":\"search_term_string\"}}],\"inLanguage\":\"en-US\"}]}<\/script>\n<!-- \/ Yoast SEO plugin. -->","yoast_head_json":{"title":"Vimeo - Itin\u00e9rances - Marta Rossignol","robots":{"index":"index","follow":"follow","max-snippet":"max-snippet:-1","max-image-preview":"max-image-preview:large","max-video-preview":"max-video-preview:-1"},"canonical":"https:\/\/martarossignol.com\/en\/vimeo-itinerances\/","og_locale":"en_US","og_type":"article","og_title":"Vimeo - Itin\u00e9rances - Marta Rossignol","og_description":"https:\/\/vimeo.com\/1073721943 Le dernier p\u00e9riple Apr\u00e8s trente ans de bons et loyaux services sur les routes ternes de la vie quotidienne : m\u00e9tro, boulot, dodo, notre vieille Super 5 m\u00e9rite bien qu\u2019avant sa retraite, nous d\u00e9cidions d\u2019\u00e9gayer son ultime horizon. Voici venu pour elle le temps des pistes du Sahara, des djebels ensoleill\u00e9s, des oueds ass\u00e9ch\u00e9s, [&hellip;]","og_url":"https:\/\/martarossignol.com\/en\/vimeo-itinerances\/","og_site_name":"Marta Rossignol","article_modified_time":"2025-09-10T09:54:10+00:00","twitter_card":"summary_large_image","twitter_misc":{"Est. reading time":"1 minute"},"schema":{"@context":"https:\/\/schema.org","@graph":[{"@type":"WebPage","@id":"https:\/\/martarossignol.com\/vimeo-itinerances\/","url":"https:\/\/martarossignol.com\/vimeo-itinerances\/","name":"Vimeo - Itin\u00e9rances - Marta Rossignol","isPartOf":{"@id":"https:\/\/martarossignol.com\/#website"},"datePublished":"2025-08-20T08:51:56+00:00","dateModified":"2025-09-10T09:54:10+00:00","breadcrumb":{"@id":"https:\/\/martarossignol.com\/vimeo-itinerances\/#breadcrumb"},"inLanguage":"en-US","potentialAction":[{"@type":"ReadAction","target":["https:\/\/martarossignol.com\/vimeo-itinerances\/"]}]},{"@type":"BreadcrumbList","@id":"https:\/\/martarossignol.com\/vimeo-itinerances\/#breadcrumb","itemListElement":[{"@type":"ListItem","position":1,"name":"Accueil","item":"https:\/\/martarossignol.com\/"},{"@type":"ListItem","position":2,"name":"Vimeo &#8211; Itin\u00e9rances"}]},{"@type":"WebSite","@id":"https:\/\/martarossignol.com\/#website","url":"https:\/\/martarossignol.com\/","name":"Marta Rossignol","description":"Auteur photographe","potentialAction":[{"@type":"SearchAction","target":{"@type":"EntryPoint","urlTemplate":"https:\/\/martarossignol.com\/?s={search_term_string}"},"query-input":{"@type":"PropertyValueSpecification","valueRequired":true,"valueName":"search_term_string"}}],"inLanguage":"en-US"}]}},"_links":{"self":[{"href":"https:\/\/martarossignol.com\/en\/wp-json\/wp\/v2\/pages\/10977","targetHints":{"allow":["GET"]}}],"collection":[{"href":"https:\/\/martarossignol.com\/en\/wp-json\/wp\/v2\/pages"}],"about":[{"href":"https:\/\/martarossignol.com\/en\/wp-json\/wp\/v2\/types\/page"}],"author":[{"embeddable":true,"href":"https:\/\/martarossignol.com\/en\/wp-json\/wp\/v2\/users\/1"}],"replies":[{"embeddable":true,"href":"https:\/\/martarossignol.com\/en\/wp-json\/wp\/v2\/comments?post=10977"}],"version-history":[{"count":10,"href":"https:\/\/martarossignol.com\/en\/wp-json\/wp\/v2\/pages\/10977\/revisions"}],"predecessor-version":[{"id":11074,"href":"https:\/\/martarossignol.com\/en\/wp-json\/wp\/v2\/pages\/10977\/revisions\/11074"}],"wp:attachment":[{"href":"https:\/\/martarossignol.com\/en\/wp-json\/wp\/v2\/media?parent=10977"}],"curies":[{"name":"wp","href":"https:\/\/api.w.org\/{rel}","templated":true}]}}