{"id":7203,"date":"2020-03-01T02:37:51","date_gmt":"2020-03-01T01:37:51","guid":{"rendered":"https:\/\/martarossignol.com\/?page_id=7203"},"modified":"2025-08-05T19:11:14","modified_gmt":"2025-08-05T17:11:14","slug":"lalibela-ethiopie-video","status":"publish","type":"page","link":"https:\/\/martarossignol.com\/en\/lalibela-ethiopie-video\/","title":{"rendered":"Vimeo &#8211; Lalibela Ethiopie"},"content":{"rendered":"<p><iframe title=\"Lalibela Ethiopie\" src=\"https:\/\/player.vimeo.com\/video\/393454882?dnt=1&amp;app_id=122963\" width=\"800\" height=\"450\" frameborder=\"0\" allow=\"autoplay; fullscreen\" allowfullscreen><\/iframe><\/p>\n\n\n<p>O\u00f9 vont \u2013ils, ces hommes, ces femmes, ces enfants, en masse, tous les jours, dans la<br>fra\u00eecheur, sous la pluie, la chaleur \u2026 ?<br>Pourquoi ces \u00e9glises dans la roche, depuis des si\u00e8cles, ces bougies, ces croix \u2026 ?<br>Pourquoi ces fant\u00f4mes, ces solitudes, ces cris, ces murmures, dans la nuit, les t\u00e9n\u00e8bres, la<br>lumi\u00e8re \u2026 ?<br>Pour qui ces cris, ces douleurs, ces souvenirs, ces offrandes, ces espoirs, ces sourires \u2026 ?<br>Pour quoi ? Pour qui ?<\/p>","protected":false},"excerpt":{"rendered":"<p>O\u00f9 vont \u2013ils, ces hommes, ces femmes, ces enfants, en masse, tous les jours, dans lafra\u00eecheur, sous la pluie, la chaleur \u2026 ?Pourquoi ces \u00e9glises dans la roche, depuis des si\u00e8cles, ces bougies, ces croix \u2026 ?Pourquoi ces fant\u00f4mes, ces solitudes, ces cris, ces murmures, dans la nuit, les t\u00e9n\u00e8bres, lalumi\u00e8re \u2026 ?Pour qui ces [&hellip;]<\/p>","protected":false},"author":1,"featured_media":0,"parent":0,"menu_order":0,"comment_status":"closed","ping_status":"closed","template":"","meta":{"footnotes":""},"class_list":["post-7203","page","type-page","status-publish","hentry"],"yoast_head":"<!-- This site is optimized with the Yoast SEO plugin v24.3 - https:\/\/yoast.com\/wordpress\/plugins\/seo\/ -->\n<title>Vimeo - Lalibela Ethiopie - Marta Rossignol<\/title>\n<meta name=\"robots\" content=\"index, follow, max-snippet:-1, max-image-preview:large, max-video-preview:-1\" \/>\n<link rel=\"canonical\" href=\"https:\/\/martarossignol.com\/en\/lalibela-ethiopie-video\/\" \/>\n<meta property=\"og:locale\" content=\"en_US\" \/>\n<meta property=\"og:type\" content=\"article\" \/>\n<meta property=\"og:title\" content=\"Vimeo - Lalibela Ethiopie - Marta Rossignol\" \/>\n<meta property=\"og:description\" content=\"O\u00f9 vont \u2013ils, ces hommes, ces femmes, ces enfants, en masse, tous les jours, dans lafra\u00eecheur, sous la pluie, la chaleur \u2026 ?Pourquoi ces \u00e9glises dans la roche, depuis des si\u00e8cles, ces bougies, ces croix \u2026 ?Pourquoi ces fant\u00f4mes, ces solitudes, ces cris, ces murmures, dans la nuit, les t\u00e9n\u00e8bres, lalumi\u00e8re \u2026 ?Pour qui ces [&hellip;]\" \/>\n<meta property=\"og:url\" content=\"https:\/\/martarossignol.com\/en\/lalibela-ethiopie-video\/\" \/>\n<meta property=\"og:site_name\" content=\"Marta Rossignol\" \/>\n<meta property=\"article:modified_time\" content=\"2025-08-05T17:11:14+00:00\" \/>\n<meta name=\"twitter:card\" content=\"summary_large_image\" \/>\n<meta name=\"twitter:label1\" content=\"Est. reading time\" \/>\n\t<meta name=\"twitter:data1\" content=\"1 minute\" \/>\n<script type=\"application\/ld+json\" class=\"yoast-schema-graph\">{\"@context\":\"https:\/\/schema.org\",\"@graph\":[{\"@type\":\"WebPage\",\"@id\":\"https:\/\/martarossignol.com\/lalibela-ethiopie-video\/\",\"url\":\"https:\/\/martarossignol.com\/lalibela-ethiopie-video\/\",\"name\":\"Vimeo - Lalibela Ethiopie - Marta Rossignol\",\"isPartOf\":{\"@id\":\"https:\/\/martarossignol.com\/#website\"},\"datePublished\":\"2020-03-01T01:37:51+00:00\",\"dateModified\":\"2025-08-05T17:11:14+00:00\",\"breadcrumb\":{\"@id\":\"https:\/\/martarossignol.com\/lalibela-ethiopie-video\/#breadcrumb\"},\"inLanguage\":\"en-US\",\"potentialAction\":[{\"@type\":\"ReadAction\",\"target\":[\"https:\/\/martarossignol.com\/lalibela-ethiopie-video\/\"]}]},{\"@type\":\"BreadcrumbList\",\"@id\":\"https:\/\/martarossignol.com\/lalibela-ethiopie-video\/#breadcrumb\",\"itemListElement\":[{\"@type\":\"ListItem\",\"position\":1,\"name\":\"Accueil\",\"item\":\"https:\/\/martarossignol.com\/\"},{\"@type\":\"ListItem\",\"position\":2,\"name\":\"Vimeo &#8211; Lalibela Ethiopie\"}]},{\"@type\":\"WebSite\",\"@id\":\"https:\/\/martarossignol.com\/#website\",\"url\":\"https:\/\/martarossignol.com\/\",\"name\":\"Marta Rossignol\",\"description\":\"Auteur photographe\",\"potentialAction\":[{\"@type\":\"SearchAction\",\"target\":{\"@type\":\"EntryPoint\",\"urlTemplate\":\"https:\/\/martarossignol.com\/?s={search_term_string}\"},\"query-input\":{\"@type\":\"PropertyValueSpecification\",\"valueRequired\":true,\"valueName\":\"search_term_string\"}}],\"inLanguage\":\"en-US\"}]}<\/script>\n<!-- \/ Yoast SEO plugin. -->","yoast_head_json":{"title":"Vimeo - Lalibela Ethiopie - Marta Rossignol","robots":{"index":"index","follow":"follow","max-snippet":"max-snippet:-1","max-image-preview":"max-image-preview:large","max-video-preview":"max-video-preview:-1"},"canonical":"https:\/\/martarossignol.com\/en\/lalibela-ethiopie-video\/","og_locale":"en_US","og_type":"article","og_title":"Vimeo - Lalibela Ethiopie - Marta Rossignol","og_description":"O\u00f9 vont \u2013ils, ces hommes, ces femmes, ces enfants, en masse, tous les jours, dans lafra\u00eecheur, sous la pluie, la chaleur \u2026 ?Pourquoi ces \u00e9glises dans la roche, depuis des si\u00e8cles, ces bougies, ces croix \u2026 ?Pourquoi ces fant\u00f4mes, ces solitudes, ces cris, ces murmures, dans la nuit, les t\u00e9n\u00e8bres, lalumi\u00e8re \u2026 ?Pour qui ces [&hellip;]","og_url":"https:\/\/martarossignol.com\/en\/lalibela-ethiopie-video\/","og_site_name":"Marta Rossignol","article_modified_time":"2025-08-05T17:11:14+00:00","twitter_card":"summary_large_image","twitter_misc":{"Est. reading time":"1 minute"},"schema":{"@context":"https:\/\/schema.org","@graph":[{"@type":"WebPage","@id":"https:\/\/martarossignol.com\/lalibela-ethiopie-video\/","url":"https:\/\/martarossignol.com\/lalibela-ethiopie-video\/","name":"Vimeo - Lalibela Ethiopie - Marta Rossignol","isPartOf":{"@id":"https:\/\/martarossignol.com\/#website"},"datePublished":"2020-03-01T01:37:51+00:00","dateModified":"2025-08-05T17:11:14+00:00","breadcrumb":{"@id":"https:\/\/martarossignol.com\/lalibela-ethiopie-video\/#breadcrumb"},"inLanguage":"en-US","potentialAction":[{"@type":"ReadAction","target":["https:\/\/martarossignol.com\/lalibela-ethiopie-video\/"]}]},{"@type":"BreadcrumbList","@id":"https:\/\/martarossignol.com\/lalibela-ethiopie-video\/#breadcrumb","itemListElement":[{"@type":"ListItem","position":1,"name":"Accueil","item":"https:\/\/martarossignol.com\/"},{"@type":"ListItem","position":2,"name":"Vimeo &#8211; Lalibela Ethiopie"}]},{"@type":"WebSite","@id":"https:\/\/martarossignol.com\/#website","url":"https:\/\/martarossignol.com\/","name":"Marta Rossignol","description":"Auteur photographe","potentialAction":[{"@type":"SearchAction","target":{"@type":"EntryPoint","urlTemplate":"https:\/\/martarossignol.com\/?s={search_term_string}"},"query-input":{"@type":"PropertyValueSpecification","valueRequired":true,"valueName":"search_term_string"}}],"inLanguage":"en-US"}]}},"_links":{"self":[{"href":"https:\/\/martarossignol.com\/en\/wp-json\/wp\/v2\/pages\/7203","targetHints":{"allow":["GET"]}}],"collection":[{"href":"https:\/\/martarossignol.com\/en\/wp-json\/wp\/v2\/pages"}],"about":[{"href":"https:\/\/martarossignol.com\/en\/wp-json\/wp\/v2\/types\/page"}],"author":[{"embeddable":true,"href":"https:\/\/martarossignol.com\/en\/wp-json\/wp\/v2\/users\/1"}],"replies":[{"embeddable":true,"href":"https:\/\/martarossignol.com\/en\/wp-json\/wp\/v2\/comments?post=7203"}],"version-history":[{"count":16,"href":"https:\/\/martarossignol.com\/en\/wp-json\/wp\/v2\/pages\/7203\/revisions"}],"predecessor-version":[{"id":9847,"href":"https:\/\/martarossignol.com\/en\/wp-json\/wp\/v2\/pages\/7203\/revisions\/9847"}],"wp:attachment":[{"href":"https:\/\/martarossignol.com\/en\/wp-json\/wp\/v2\/media?parent=7203"}],"curies":[{"name":"wp","href":"https:\/\/api.w.org\/{rel}","templated":true}]}}