{"id":7207,"date":"2020-03-01T02:29:31","date_gmt":"2020-03-01T01:29:31","guid":{"rendered":"https:\/\/martarossignol.com\/?page_id=7207"},"modified":"2021-03-24T15:31:31","modified_gmt":"2021-03-24T14:31:31","slug":"vimeo-retour-a-lalibela","status":"publish","type":"page","link":"https:\/\/martarossignol.com\/en\/vimeo-retour-a-lalibela\/","title":{"rendered":"Vimeo &#8211; Retour \u00e0 Lalibela"},"content":{"rendered":"<div data-elementor-type=\"wp-page\" data-elementor-id=\"7207\" class=\"elementor elementor-7207\" data-elementor-post-type=\"page\">\n\t\t\t\t\t\t<section class=\"elementor-section elementor-top-section elementor-element elementor-element-65d460d elementor-section-boxed elementor-section-height-default elementor-section-height-default\" data-id=\"65d460d\" data-element_type=\"section\">\n\t\t\t\t\t\t<div class=\"elementor-container elementor-column-gap-default\">\n\t\t\t\t\t<div class=\"elementor-column elementor-col-100 elementor-top-column elementor-element elementor-element-7c82206\" data-id=\"7c82206\" data-element_type=\"column\">\n\t\t\t<div class=\"elementor-widget-wrap elementor-element-populated\">\n\t\t\t\t\t\t<div class=\"elementor-element elementor-element-33b68e5 elementor-widget elementor-widget-video\" data-id=\"33b68e5\" data-element_type=\"widget\" data-settings=\"{&quot;video_type&quot;:&quot;vimeo&quot;}\" data-widget_type=\"video.default\">\n\t\t\t\t<div class=\"elementor-widget-container\">\n\t\t\t\t\t\t\t<div class=\"elementor-wrapper elementor-open-inline\">\n\t\t\t<iframe class=\"elementor-video-iframe\" allowfullscreen allow=\"clipboard-write\" title=\"vimeo Video Player\" src=\"https:\/\/player.vimeo.com\/video\/393442666?color&amp;autopause=0&amp;loop=0&amp;muted=0&amp;title=1&amp;portrait=1&amp;byline=1#t=\"><\/iframe>\t\t<\/div>\n\t\t\t\t\t\t<\/div>\n\t\t\t\t<\/div>\n\t\t\t\t<div class=\"elementor-element elementor-element-fe313cd elementor-widget elementor-widget-text-editor\" data-id=\"fe313cd\" data-element_type=\"widget\" data-no-translation=\"\" data-widget_type=\"text-editor.default\">\n\t\t\t\t<div class=\"elementor-widget-container\">\n\t\t\t\t\t<style>.elementor-element-fe313cd{display:none !important}<\/style>\t\t\t\t<\/div>\n\t\t\t\t<\/div>\n\t\t\t\t<div class=\"elementor-element elementor-element-44159cf elementor-widget elementor-widget-text-editor\" data-id=\"44159cf\" data-element_type=\"widget\" data-no-translation=\"\" data-widget_type=\"text-editor.default\">\n\t\t\t\t<div class=\"elementor-widget-container\">\n\t\t\t\t\t\t\t\t\t<p>I am here, in the early morning, in the mountains, at 2600 m, in the monastic city of the highlands of Ethiopia, in Lalibela. Ten centuries of Christian tradition have been permeated the walls of these churches carved from the living rock, a strange atmosphere, a breath of air emanates from this Holy Land called \u00abBlack Jerusalem\u00bb.<\/p><p>They come from everywhere, as shadows, ghosts, silhouettes, furtive movements, songs, complaints upset me, but also, they fascinate me, I feel like I am moving to another world, elsewhere, and I want to hold onto these moments, make them immortal with my camera, in order to share this ascension in the indefinable\u2026<\/p>\t\t\t\t\t\t\t\t<\/div>\n\t\t\t\t<\/div>\n\t\t\t\t\t<\/div>\n\t\t<\/div>\n\t\t\t\t\t<\/div>\n\t\t<\/section>\n\t\t\t\t<\/div>","protected":false},"excerpt":{"rendered":"<p>https:\/\/vimeo.com\/393442666 Je suis l\u00e0, au petit matin\u2026dans cette cit\u00e9 monastique situ\u00e9e \u00e0 2630 m d\u2019altitude, dans lar\u00e9gion Amhara en Ethiopie \u00e0 Lalibela.Ils arrivent de toutes parts, tels des ombres, des fant\u00f4mes. Une communion s\u2019op\u00e8reinstantan\u00e9ment. J\u2019ai l\u2019impression de flotter, un sentiment d\u2019entre-deux s\u2019immisce en moi.Suis-je bien l\u00e0 ou un peu ailleurs ? Je bascule dans un [&hellip;]<\/p>","protected":false},"author":1,"featured_media":0,"parent":0,"menu_order":0,"comment_status":"closed","ping_status":"closed","template":"","meta":{"footnotes":""},"class_list":["post-7207","page","type-page","status-publish","hentry"],"yoast_head":"<!-- This site is optimized with the Yoast SEO plugin v24.3 - https:\/\/yoast.com\/wordpress\/plugins\/seo\/ -->\n<title>Vimeo - Retour \u00e0 Lalibela - Marta Rossignol<\/title>\n<meta name=\"robots\" content=\"index, follow, max-snippet:-1, max-image-preview:large, max-video-preview:-1\" \/>\n<link rel=\"canonical\" href=\"https:\/\/martarossignol.com\/en\/vimeo-retour-a-lalibela\/\" \/>\n<meta property=\"og:locale\" content=\"en_US\" \/>\n<meta property=\"og:type\" content=\"article\" \/>\n<meta property=\"og:title\" content=\"Vimeo - Retour \u00e0 Lalibela - Marta Rossignol\" \/>\n<meta property=\"og:description\" content=\"https:\/\/vimeo.com\/393442666 Je suis l\u00e0, au petit matin\u2026dans cette cit\u00e9 monastique situ\u00e9e \u00e0 2630 m d\u2019altitude, dans lar\u00e9gion Amhara en Ethiopie \u00e0 Lalibela.Ils arrivent de toutes parts, tels des ombres, des fant\u00f4mes. Une communion s\u2019op\u00e8reinstantan\u00e9ment. J\u2019ai l\u2019impression de flotter, un sentiment d\u2019entre-deux s\u2019immisce en moi.Suis-je bien l\u00e0 ou un peu ailleurs ? Je bascule dans un [&hellip;]\" \/>\n<meta property=\"og:url\" content=\"https:\/\/martarossignol.com\/en\/vimeo-retour-a-lalibela\/\" \/>\n<meta property=\"og:site_name\" content=\"Marta Rossignol\" \/>\n<meta property=\"article:modified_time\" content=\"2021-03-24T14:31:31+00:00\" \/>\n<meta name=\"twitter:card\" content=\"summary_large_image\" \/>\n<meta name=\"twitter:label1\" content=\"Est. reading time\" \/>\n\t<meta name=\"twitter:data1\" content=\"1 minute\" \/>\n<script type=\"application\/ld+json\" class=\"yoast-schema-graph\">{\"@context\":\"https:\/\/schema.org\",\"@graph\":[{\"@type\":\"WebPage\",\"@id\":\"https:\/\/martarossignol.com\/vimeo-retour-a-lalibela\/\",\"url\":\"https:\/\/martarossignol.com\/vimeo-retour-a-lalibela\/\",\"name\":\"Vimeo - Retour \u00e0 Lalibela - Marta Rossignol\",\"isPartOf\":{\"@id\":\"https:\/\/martarossignol.com\/#website\"},\"datePublished\":\"2020-03-01T01:29:31+00:00\",\"dateModified\":\"2021-03-24T14:31:31+00:00\",\"breadcrumb\":{\"@id\":\"https:\/\/martarossignol.com\/vimeo-retour-a-lalibela\/#breadcrumb\"},\"inLanguage\":\"en-US\",\"potentialAction\":[{\"@type\":\"ReadAction\",\"target\":[\"https:\/\/martarossignol.com\/vimeo-retour-a-lalibela\/\"]}]},{\"@type\":\"BreadcrumbList\",\"@id\":\"https:\/\/martarossignol.com\/vimeo-retour-a-lalibela\/#breadcrumb\",\"itemListElement\":[{\"@type\":\"ListItem\",\"position\":1,\"name\":\"Accueil\",\"item\":\"https:\/\/martarossignol.com\/\"},{\"@type\":\"ListItem\",\"position\":2,\"name\":\"Vimeo &#8211; Retour \u00e0 Lalibela\"}]},{\"@type\":\"WebSite\",\"@id\":\"https:\/\/martarossignol.com\/#website\",\"url\":\"https:\/\/martarossignol.com\/\",\"name\":\"Marta Rossignol\",\"description\":\"Auteur photographe\",\"potentialAction\":[{\"@type\":\"SearchAction\",\"target\":{\"@type\":\"EntryPoint\",\"urlTemplate\":\"https:\/\/martarossignol.com\/?s={search_term_string}\"},\"query-input\":{\"@type\":\"PropertyValueSpecification\",\"valueRequired\":true,\"valueName\":\"search_term_string\"}}],\"inLanguage\":\"en-US\"}]}<\/script>\n<!-- \/ Yoast SEO plugin. -->","yoast_head_json":{"title":"Vimeo - Retour \u00e0 Lalibela - Marta Rossignol","robots":{"index":"index","follow":"follow","max-snippet":"max-snippet:-1","max-image-preview":"max-image-preview:large","max-video-preview":"max-video-preview:-1"},"canonical":"https:\/\/martarossignol.com\/en\/vimeo-retour-a-lalibela\/","og_locale":"en_US","og_type":"article","og_title":"Vimeo - Retour \u00e0 Lalibela - Marta Rossignol","og_description":"https:\/\/vimeo.com\/393442666 Je suis l\u00e0, au petit matin\u2026dans cette cit\u00e9 monastique situ\u00e9e \u00e0 2630 m d\u2019altitude, dans lar\u00e9gion Amhara en Ethiopie \u00e0 Lalibela.Ils arrivent de toutes parts, tels des ombres, des fant\u00f4mes. Une communion s\u2019op\u00e8reinstantan\u00e9ment. J\u2019ai l\u2019impression de flotter, un sentiment d\u2019entre-deux s\u2019immisce en moi.Suis-je bien l\u00e0 ou un peu ailleurs ? Je bascule dans un [&hellip;]","og_url":"https:\/\/martarossignol.com\/en\/vimeo-retour-a-lalibela\/","og_site_name":"Marta Rossignol","article_modified_time":"2021-03-24T14:31:31+00:00","twitter_card":"summary_large_image","twitter_misc":{"Est. reading time":"1 minute"},"schema":{"@context":"https:\/\/schema.org","@graph":[{"@type":"WebPage","@id":"https:\/\/martarossignol.com\/vimeo-retour-a-lalibela\/","url":"https:\/\/martarossignol.com\/vimeo-retour-a-lalibela\/","name":"Vimeo - Retour \u00e0 Lalibela - Marta Rossignol","isPartOf":{"@id":"https:\/\/martarossignol.com\/#website"},"datePublished":"2020-03-01T01:29:31+00:00","dateModified":"2021-03-24T14:31:31+00:00","breadcrumb":{"@id":"https:\/\/martarossignol.com\/vimeo-retour-a-lalibela\/#breadcrumb"},"inLanguage":"en-US","potentialAction":[{"@type":"ReadAction","target":["https:\/\/martarossignol.com\/vimeo-retour-a-lalibela\/"]}]},{"@type":"BreadcrumbList","@id":"https:\/\/martarossignol.com\/vimeo-retour-a-lalibela\/#breadcrumb","itemListElement":[{"@type":"ListItem","position":1,"name":"Accueil","item":"https:\/\/martarossignol.com\/"},{"@type":"ListItem","position":2,"name":"Vimeo &#8211; Retour \u00e0 Lalibela"}]},{"@type":"WebSite","@id":"https:\/\/martarossignol.com\/#website","url":"https:\/\/martarossignol.com\/","name":"Marta Rossignol","description":"Auteur photographe","potentialAction":[{"@type":"SearchAction","target":{"@type":"EntryPoint","urlTemplate":"https:\/\/martarossignol.com\/?s={search_term_string}"},"query-input":{"@type":"PropertyValueSpecification","valueRequired":true,"valueName":"search_term_string"}}],"inLanguage":"en-US"}]}},"_links":{"self":[{"href":"https:\/\/martarossignol.com\/en\/wp-json\/wp\/v2\/pages\/7207","targetHints":{"allow":["GET"]}}],"collection":[{"href":"https:\/\/martarossignol.com\/en\/wp-json\/wp\/v2\/pages"}],"about":[{"href":"https:\/\/martarossignol.com\/en\/wp-json\/wp\/v2\/types\/page"}],"author":[{"embeddable":true,"href":"https:\/\/martarossignol.com\/en\/wp-json\/wp\/v2\/users\/1"}],"replies":[{"embeddable":true,"href":"https:\/\/martarossignol.com\/en\/wp-json\/wp\/v2\/comments?post=7207"}],"version-history":[{"count":22,"href":"https:\/\/martarossignol.com\/en\/wp-json\/wp\/v2\/pages\/7207\/revisions"}],"predecessor-version":[{"id":11072,"href":"https:\/\/martarossignol.com\/en\/wp-json\/wp\/v2\/pages\/7207\/revisions\/11072"}],"wp:attachment":[{"href":"https:\/\/martarossignol.com\/en\/wp-json\/wp\/v2\/media?parent=7207"}],"curies":[{"name":"wp","href":"https:\/\/api.w.org\/{rel}","templated":true}]}}