{"id":7211,"date":"2020-03-01T02:37:06","date_gmt":"2020-03-01T01:37:06","guid":{"rendered":"https:\/\/martarossignol.com\/?page_id=7211"},"modified":"2021-03-07T21:12:10","modified_gmt":"2021-03-07T20:12:10","slug":"vimeo-indian-vertigo","status":"publish","type":"page","link":"https:\/\/martarossignol.com\/en\/vimeo-indian-vertigo\/","title":{"rendered":"Vimeo &#8211; Indian Vertigo"},"content":{"rendered":"<div data-elementor-type=\"wp-page\" data-elementor-id=\"7211\" class=\"elementor elementor-7211\" data-elementor-post-type=\"page\">\n\t\t\t\t\t\t<section class=\"elementor-section elementor-top-section elementor-element elementor-element-1c622a6b elementor-section-boxed elementor-section-height-default elementor-section-height-default\" data-id=\"1c622a6b\" data-element_type=\"section\">\n\t\t\t\t\t\t<div class=\"elementor-container elementor-column-gap-default\">\n\t\t\t\t\t<div class=\"elementor-column elementor-col-100 elementor-top-column elementor-element elementor-element-18d03ad8\" data-id=\"18d03ad8\" data-element_type=\"column\">\n\t\t\t<div class=\"elementor-widget-wrap elementor-element-populated\">\n\t\t\t\t\t\t<div class=\"elementor-element elementor-element-3cde6b5 elementor-widget elementor-widget-video\" data-id=\"3cde6b5\" data-element_type=\"widget\" data-settings=\"{&quot;video_type&quot;:&quot;vimeo&quot;}\" data-widget_type=\"video.default\">\n\t\t\t\t<div class=\"elementor-widget-container\">\n\t\t\t\t\t\t\t<div class=\"elementor-wrapper elementor-open-inline\">\n\t\t\t<iframe class=\"elementor-video-iframe\" allowfullscreen allow=\"clipboard-write\" title=\"vimeo Video Player\" src=\"https:\/\/player.vimeo.com\/video\/394671737?color&amp;autopause=0&amp;loop=0&amp;muted=0&amp;title=1&amp;portrait=1&amp;byline=1#t=\"><\/iframe>\t\t<\/div>\n\t\t\t\t\t\t<\/div>\n\t\t\t\t<\/div>\n\t\t\t\t<div class=\"elementor-element elementor-element-1bac87e8 elementor-widget elementor-widget-text-editor\" data-id=\"1bac87e8\" data-element_type=\"widget\" data-widget_type=\"text-editor.default\">\n\t\t\t\t<div class=\"elementor-widget-container\">\n\t\t\t\t\t\t\t\t\t\n<p>B\u00e9nar\u00e8s, V\u00e2r\u00e2nas\u00ee&#8230; !? Peu importe. Point de convergence des corps et des \u00e2mes. Je marche sur le fil de l&rsquo;existence. Les Ghats, ce chemin entre la vie et la mort.<br \/>Nulle part ailleurs, je ne me sens aussi vivante, aussi mortelle. Ma raison vacille, perd pied. Une sorte de distorsion de ma perception. D&rsquo;un cot\u00e9 la pr\u00e9sence physique, de l&rsquo;autre l&rsquo;abime spirituel. Entre les deux, des corps, du feu, de l&rsquo;eau, du sang, des couleurs, des senteurs, des chants, des pri\u00e8res. Je m&rsquo;\u00e9tourdis de cette atmosph\u00e8re. M\u00e9lange d&rsquo;un univers mat\u00e9riel et spirituel, condens\u00e9 de larmes, d&rsquo;espoir, de rires, de silences.\u00a0<br \/>Ma raison vacille, ma vue se trouble. Suis-je bien pr\u00e9sente ? Le sont-ils vraiment ? La vie glisse sur les marches, se noie dans les eaux, renait dans les chants, s&rsquo;envole dans la fum\u00e9e, s&rsquo;enferme dans les cendres, remplit le vent&#8230;<br \/>Cet homme n&rsquo;en sera bient\u00f4t plus un. Cette femme pr\u00e9pare son passage vers un ailleurs. Cet enfant prend le temps de vivre. Il sait qu&rsquo;un cycle est en cours, passager \u00e9ph\u00e9m\u00e8re du vivant. Je respire, au bord de la suffocation. Je regarde, proche de la c\u00e9cit\u00e9. Je touche, \u00e0 la limite de la br\u00fblure.<br \/>Je suis&#8230;<\/p>\n\t\t\t\t\t\t\t\t<\/div>\n\t\t\t\t<\/div>\n\t\t\t\t\t<\/div>\n\t\t<\/div>\n\t\t\t\t\t<\/div>\n\t\t<\/section>\n\t\t\t\t<\/div>","protected":false},"excerpt":{"rendered":"<p>B\u00e9nar\u00e8s, V\u00e2r\u00e2nas\u00ee&#8230; !? Peu importe. Point de convergence des corps et des \u00e2mes. Je marche sur le fil de l&rsquo;existence. Les Ghats, ce chemin entre la vie et la mort.Nulle part ailleurs, je ne me sens aussi vivante, aussi mortelle. Ma raison vacille, perd pied. Une sorte de distorsion de ma perception. D&rsquo;un cot\u00e9 la [&hellip;]<\/p>","protected":false},"author":1,"featured_media":0,"parent":0,"menu_order":0,"comment_status":"closed","ping_status":"closed","template":"","meta":{"footnotes":""},"class_list":["post-7211","page","type-page","status-publish","hentry"],"yoast_head":"<!-- This site is optimized with the Yoast SEO plugin v24.3 - https:\/\/yoast.com\/wordpress\/plugins\/seo\/ -->\n<title>Vimeo - Indian Vertigo - Marta Rossignol<\/title>\n<meta name=\"robots\" content=\"index, follow, max-snippet:-1, max-image-preview:large, max-video-preview:-1\" \/>\n<link rel=\"canonical\" href=\"https:\/\/martarossignol.com\/en\/vimeo-indian-vertigo\/\" \/>\n<meta property=\"og:locale\" content=\"en_US\" \/>\n<meta property=\"og:type\" content=\"article\" \/>\n<meta property=\"og:title\" content=\"Vimeo - Indian Vertigo - Marta Rossignol\" \/>\n<meta property=\"og:description\" content=\"B\u00e9nar\u00e8s, V\u00e2r\u00e2nas\u00ee&#8230; !? Peu importe. Point de convergence des corps et des \u00e2mes. Je marche sur le fil de l&rsquo;existence. Les Ghats, ce chemin entre la vie et la mort.Nulle part ailleurs, je ne me sens aussi vivante, aussi mortelle. Ma raison vacille, perd pied. Une sorte de distorsion de ma perception. D&rsquo;un cot\u00e9 la [&hellip;]\" \/>\n<meta property=\"og:url\" content=\"https:\/\/martarossignol.com\/en\/vimeo-indian-vertigo\/\" \/>\n<meta property=\"og:site_name\" content=\"Marta Rossignol\" \/>\n<meta property=\"article:modified_time\" content=\"2021-03-07T20:12:10+00:00\" \/>\n<meta name=\"twitter:card\" content=\"summary_large_image\" \/>\n<meta name=\"twitter:label1\" content=\"Est. reading time\" \/>\n\t<meta name=\"twitter:data1\" content=\"1 minute\" \/>\n<script type=\"application\/ld+json\" class=\"yoast-schema-graph\">{\"@context\":\"https:\/\/schema.org\",\"@graph\":[{\"@type\":\"WebPage\",\"@id\":\"https:\/\/martarossignol.com\/vimeo-indian-vertigo\/\",\"url\":\"https:\/\/martarossignol.com\/vimeo-indian-vertigo\/\",\"name\":\"Vimeo - Indian Vertigo - Marta Rossignol\",\"isPartOf\":{\"@id\":\"https:\/\/martarossignol.com\/#website\"},\"datePublished\":\"2020-03-01T01:37:06+00:00\",\"dateModified\":\"2021-03-07T20:12:10+00:00\",\"breadcrumb\":{\"@id\":\"https:\/\/martarossignol.com\/vimeo-indian-vertigo\/#breadcrumb\"},\"inLanguage\":\"en-US\",\"potentialAction\":[{\"@type\":\"ReadAction\",\"target\":[\"https:\/\/martarossignol.com\/vimeo-indian-vertigo\/\"]}]},{\"@type\":\"BreadcrumbList\",\"@id\":\"https:\/\/martarossignol.com\/vimeo-indian-vertigo\/#breadcrumb\",\"itemListElement\":[{\"@type\":\"ListItem\",\"position\":1,\"name\":\"Accueil\",\"item\":\"https:\/\/martarossignol.com\/\"},{\"@type\":\"ListItem\",\"position\":2,\"name\":\"Vimeo &#8211; Indian Vertigo\"}]},{\"@type\":\"WebSite\",\"@id\":\"https:\/\/martarossignol.com\/#website\",\"url\":\"https:\/\/martarossignol.com\/\",\"name\":\"Marta Rossignol\",\"description\":\"Auteur photographe\",\"potentialAction\":[{\"@type\":\"SearchAction\",\"target\":{\"@type\":\"EntryPoint\",\"urlTemplate\":\"https:\/\/martarossignol.com\/?s={search_term_string}\"},\"query-input\":{\"@type\":\"PropertyValueSpecification\",\"valueRequired\":true,\"valueName\":\"search_term_string\"}}],\"inLanguage\":\"en-US\"}]}<\/script>\n<!-- \/ Yoast SEO plugin. -->","yoast_head_json":{"title":"Vimeo - Indian Vertigo - Marta Rossignol","robots":{"index":"index","follow":"follow","max-snippet":"max-snippet:-1","max-image-preview":"max-image-preview:large","max-video-preview":"max-video-preview:-1"},"canonical":"https:\/\/martarossignol.com\/en\/vimeo-indian-vertigo\/","og_locale":"en_US","og_type":"article","og_title":"Vimeo - Indian Vertigo - Marta Rossignol","og_description":"B\u00e9nar\u00e8s, V\u00e2r\u00e2nas\u00ee&#8230; !? Peu importe. Point de convergence des corps et des \u00e2mes. Je marche sur le fil de l&rsquo;existence. Les Ghats, ce chemin entre la vie et la mort.Nulle part ailleurs, je ne me sens aussi vivante, aussi mortelle. Ma raison vacille, perd pied. Une sorte de distorsion de ma perception. D&rsquo;un cot\u00e9 la [&hellip;]","og_url":"https:\/\/martarossignol.com\/en\/vimeo-indian-vertigo\/","og_site_name":"Marta Rossignol","article_modified_time":"2021-03-07T20:12:10+00:00","twitter_card":"summary_large_image","twitter_misc":{"Est. reading time":"1 minute"},"schema":{"@context":"https:\/\/schema.org","@graph":[{"@type":"WebPage","@id":"https:\/\/martarossignol.com\/vimeo-indian-vertigo\/","url":"https:\/\/martarossignol.com\/vimeo-indian-vertigo\/","name":"Vimeo - Indian Vertigo - Marta Rossignol","isPartOf":{"@id":"https:\/\/martarossignol.com\/#website"},"datePublished":"2020-03-01T01:37:06+00:00","dateModified":"2021-03-07T20:12:10+00:00","breadcrumb":{"@id":"https:\/\/martarossignol.com\/vimeo-indian-vertigo\/#breadcrumb"},"inLanguage":"en-US","potentialAction":[{"@type":"ReadAction","target":["https:\/\/martarossignol.com\/vimeo-indian-vertigo\/"]}]},{"@type":"BreadcrumbList","@id":"https:\/\/martarossignol.com\/vimeo-indian-vertigo\/#breadcrumb","itemListElement":[{"@type":"ListItem","position":1,"name":"Accueil","item":"https:\/\/martarossignol.com\/"},{"@type":"ListItem","position":2,"name":"Vimeo &#8211; Indian Vertigo"}]},{"@type":"WebSite","@id":"https:\/\/martarossignol.com\/#website","url":"https:\/\/martarossignol.com\/","name":"Marta Rossignol","description":"Auteur photographe","potentialAction":[{"@type":"SearchAction","target":{"@type":"EntryPoint","urlTemplate":"https:\/\/martarossignol.com\/?s={search_term_string}"},"query-input":{"@type":"PropertyValueSpecification","valueRequired":true,"valueName":"search_term_string"}}],"inLanguage":"en-US"}]}},"_links":{"self":[{"href":"https:\/\/martarossignol.com\/en\/wp-json\/wp\/v2\/pages\/7211","targetHints":{"allow":["GET"]}}],"collection":[{"href":"https:\/\/martarossignol.com\/en\/wp-json\/wp\/v2\/pages"}],"about":[{"href":"https:\/\/martarossignol.com\/en\/wp-json\/wp\/v2\/types\/page"}],"author":[{"embeddable":true,"href":"https:\/\/martarossignol.com\/en\/wp-json\/wp\/v2\/users\/1"}],"replies":[{"embeddable":true,"href":"https:\/\/martarossignol.com\/en\/wp-json\/wp\/v2\/comments?post=7211"}],"version-history":[{"count":15,"href":"https:\/\/martarossignol.com\/en\/wp-json\/wp\/v2\/pages\/7211\/revisions"}],"predecessor-version":[{"id":11071,"href":"https:\/\/martarossignol.com\/en\/wp-json\/wp\/v2\/pages\/7211\/revisions\/11071"}],"wp:attachment":[{"href":"https:\/\/martarossignol.com\/en\/wp-json\/wp\/v2\/media?parent=7211"}],"curies":[{"name":"wp","href":"https:\/\/api.w.org\/{rel}","templated":true}]}}