{"id":7431,"date":"2020-03-16T16:13:20","date_gmt":"2020-03-16T15:13:20","guid":{"rendered":"https:\/\/martarossignol.com\/?page_id=7431"},"modified":"2021-03-07T21:12:11","modified_gmt":"2021-03-07T20:12:11","slug":"vimeo-amish-un-monde-decale","status":"publish","type":"page","link":"https:\/\/martarossignol.com\/en\/vimeo-amish-un-monde-decale\/","title":{"rendered":"Vimeo &#8211; Amish, un monde d\u00e9cal\u00e9"},"content":{"rendered":"<div data-elementor-type=\"wp-page\" data-elementor-id=\"7431\" class=\"elementor elementor-7431\" data-elementor-post-type=\"page\">\n\t\t\t\t\t\t<section class=\"elementor-section elementor-top-section elementor-element elementor-element-64882534 elementor-section-boxed elementor-section-height-default elementor-section-height-default\" data-id=\"64882534\" data-element_type=\"section\">\n\t\t\t\t\t\t<div class=\"elementor-container elementor-column-gap-default\">\n\t\t\t\t\t<div class=\"elementor-column elementor-col-100 elementor-top-column elementor-element elementor-element-50b7f7a6\" data-id=\"50b7f7a6\" data-element_type=\"column\">\n\t\t\t<div class=\"elementor-widget-wrap elementor-element-populated\">\n\t\t\t\t\t\t<div class=\"elementor-element elementor-element-f447579 elementor-widget elementor-widget-video\" data-id=\"f447579\" data-element_type=\"widget\" data-settings=\"{&quot;video_type&quot;:&quot;vimeo&quot;}\" data-widget_type=\"video.default\">\n\t\t\t\t<div class=\"elementor-widget-container\">\n\t\t\t\t\t\t\t<div class=\"elementor-wrapper elementor-open-inline\">\n\t\t\t<iframe class=\"elementor-video-iframe\" allowfullscreen allow=\"clipboard-write\" title=\"vimeo Video Player\" src=\"https:\/\/player.vimeo.com\/video\/396954235?color&amp;autopause=0&amp;loop=0&amp;muted=0&amp;title=1&amp;portrait=1&amp;byline=1#t=\"><\/iframe>\t\t<\/div>\n\t\t\t\t\t\t<\/div>\n\t\t\t\t<\/div>\n\t\t\t\t<div class=\"elementor-element elementor-element-4dc83a68 elementor-widget elementor-widget-text-editor\" data-id=\"4dc83a68\" data-element_type=\"widget\" data-widget_type=\"text-editor.default\">\n\t\t\t\t<div class=\"elementor-widget-container\">\n\t\t\t\t\t\t\t\t\t<div class=\"_1cCXb sc-esjQYD lhbvuM\">\n<div class=\"_1DKxU sc-kIPQKe egqgNj\">\n<div class=\"_wMel\" dir=\"auto\" data-description-content=\"true\">\n<p class=\"first\">La communaut\u00e9 Amish renvoie\u00a0 l&rsquo;image d&rsquo;un monde fig\u00e9 dans la rusticit\u00e9 d&rsquo;un pass\u00e9 oubli\u00e9. Elle fait la joie des touristes aux berlines rutilantes, qui roulent au rythme des \u00ab\u00a0buggies\u00a0\u00bb. Un mus\u00e9e \u00e0 ciel ouvert, un Disneyland de la \u00ab\u00a0petite maison dans la prairie\u00a0\u00bb. Pourtant ces hommes et ces femmes restent imperturbables face aux sir\u00e8nes de la soci\u00e9t\u00e9 mat\u00e9rialiste boursoufl\u00e9e qui bourdonne autour d&rsquo;elle. Droits dans leurs bottes de labour et fid\u00e8les \u00e0 leur pens\u00e9e religieuse, les Amish persistent dans la simplicit\u00e9 et la sobri\u00e9t\u00e9. Cette obstination est vite attachante, il suffit de s&rsquo;attarder sur leur mode de vie et leur fiert\u00e9 \u00ab\u00a0d&rsquo;hommes\u00a0\u00bb simples et libres pour \u00eatre s\u00e9duit et marqu\u00e9 \u00e0 tout jamais&#8230; Avec cette perp\u00e9tuelle question : Et si c&rsquo;est eux qui avaient raison\u00a0?<\/p>\n<\/div>\n<\/div>\n<\/div>\n<div>\u00a0<\/div>\t\t\t\t\t\t\t\t<\/div>\n\t\t\t\t<\/div>\n\t\t\t\t\t<\/div>\n\t\t<\/div>\n\t\t\t\t\t<\/div>\n\t\t<\/section>\n\t\t\t\t<\/div>","protected":false},"excerpt":{"rendered":"<p>La communaut\u00e9 Amish renvoie\u00a0 l&rsquo;image d&rsquo;un monde fig\u00e9 dans la rusticit\u00e9 d&rsquo;un pass\u00e9 oubli\u00e9. Elle fait la joie des touristes aux berlines rutilantes, qui roulent au rythme des \u00ab\u00a0buggies\u00a0\u00bb. Un mus\u00e9e \u00e0 ciel ouvert, un Disneyland de la \u00ab\u00a0petite maison dans la prairie\u00a0\u00bb. Pourtant ces hommes et ces femmes restent imperturbables face aux sir\u00e8nes de [&hellip;]<\/p>","protected":false},"author":1,"featured_media":0,"parent":0,"menu_order":0,"comment_status":"closed","ping_status":"closed","template":"","meta":{"footnotes":""},"class_list":["post-7431","page","type-page","status-publish","hentry"],"yoast_head":"<!-- This site is optimized with the Yoast SEO plugin v24.3 - https:\/\/yoast.com\/wordpress\/plugins\/seo\/ -->\n<title>Vimeo - Amish, un monde d\u00e9cal\u00e9 - Marta Rossignol<\/title>\n<meta name=\"robots\" content=\"index, follow, max-snippet:-1, max-image-preview:large, max-video-preview:-1\" \/>\n<link rel=\"canonical\" href=\"https:\/\/martarossignol.com\/en\/vimeo-amish-un-monde-decale\/\" \/>\n<meta property=\"og:locale\" content=\"en_US\" \/>\n<meta property=\"og:type\" content=\"article\" \/>\n<meta property=\"og:title\" content=\"Vimeo - Amish, un monde d\u00e9cal\u00e9 - Marta Rossignol\" \/>\n<meta property=\"og:description\" content=\"La communaut\u00e9 Amish renvoie\u00a0 l&rsquo;image d&rsquo;un monde fig\u00e9 dans la rusticit\u00e9 d&rsquo;un pass\u00e9 oubli\u00e9. Elle fait la joie des touristes aux berlines rutilantes, qui roulent au rythme des \u00ab\u00a0buggies\u00a0\u00bb. Un mus\u00e9e \u00e0 ciel ouvert, un Disneyland de la \u00ab\u00a0petite maison dans la prairie\u00a0\u00bb. Pourtant ces hommes et ces femmes restent imperturbables face aux sir\u00e8nes de [&hellip;]\" \/>\n<meta property=\"og:url\" content=\"https:\/\/martarossignol.com\/en\/vimeo-amish-un-monde-decale\/\" \/>\n<meta property=\"og:site_name\" content=\"Marta Rossignol\" \/>\n<meta property=\"article:modified_time\" content=\"2021-03-07T20:12:11+00:00\" \/>\n<meta name=\"twitter:card\" content=\"summary_large_image\" \/>\n<meta name=\"twitter:label1\" content=\"Est. reading time\" \/>\n\t<meta name=\"twitter:data1\" content=\"1 minute\" \/>\n<script type=\"application\/ld+json\" class=\"yoast-schema-graph\">{\"@context\":\"https:\/\/schema.org\",\"@graph\":[{\"@type\":\"WebPage\",\"@id\":\"https:\/\/martarossignol.com\/vimeo-amish-un-monde-decale\/\",\"url\":\"https:\/\/martarossignol.com\/vimeo-amish-un-monde-decale\/\",\"name\":\"Vimeo - Amish, un monde d\u00e9cal\u00e9 - Marta Rossignol\",\"isPartOf\":{\"@id\":\"https:\/\/martarossignol.com\/#website\"},\"datePublished\":\"2020-03-16T15:13:20+00:00\",\"dateModified\":\"2021-03-07T20:12:11+00:00\",\"breadcrumb\":{\"@id\":\"https:\/\/martarossignol.com\/vimeo-amish-un-monde-decale\/#breadcrumb\"},\"inLanguage\":\"en-US\",\"potentialAction\":[{\"@type\":\"ReadAction\",\"target\":[\"https:\/\/martarossignol.com\/vimeo-amish-un-monde-decale\/\"]}]},{\"@type\":\"BreadcrumbList\",\"@id\":\"https:\/\/martarossignol.com\/vimeo-amish-un-monde-decale\/#breadcrumb\",\"itemListElement\":[{\"@type\":\"ListItem\",\"position\":1,\"name\":\"Accueil\",\"item\":\"https:\/\/martarossignol.com\/\"},{\"@type\":\"ListItem\",\"position\":2,\"name\":\"Vimeo &#8211; Amish, un monde d\u00e9cal\u00e9\"}]},{\"@type\":\"WebSite\",\"@id\":\"https:\/\/martarossignol.com\/#website\",\"url\":\"https:\/\/martarossignol.com\/\",\"name\":\"Marta Rossignol\",\"description\":\"Auteur photographe\",\"potentialAction\":[{\"@type\":\"SearchAction\",\"target\":{\"@type\":\"EntryPoint\",\"urlTemplate\":\"https:\/\/martarossignol.com\/?s={search_term_string}\"},\"query-input\":{\"@type\":\"PropertyValueSpecification\",\"valueRequired\":true,\"valueName\":\"search_term_string\"}}],\"inLanguage\":\"en-US\"}]}<\/script>\n<!-- \/ Yoast SEO plugin. -->","yoast_head_json":{"title":"Vimeo - Amish, un monde d\u00e9cal\u00e9 - Marta Rossignol","robots":{"index":"index","follow":"follow","max-snippet":"max-snippet:-1","max-image-preview":"max-image-preview:large","max-video-preview":"max-video-preview:-1"},"canonical":"https:\/\/martarossignol.com\/en\/vimeo-amish-un-monde-decale\/","og_locale":"en_US","og_type":"article","og_title":"Vimeo - Amish, un monde d\u00e9cal\u00e9 - Marta Rossignol","og_description":"La communaut\u00e9 Amish renvoie\u00a0 l&rsquo;image d&rsquo;un monde fig\u00e9 dans la rusticit\u00e9 d&rsquo;un pass\u00e9 oubli\u00e9. Elle fait la joie des touristes aux berlines rutilantes, qui roulent au rythme des \u00ab\u00a0buggies\u00a0\u00bb. Un mus\u00e9e \u00e0 ciel ouvert, un Disneyland de la \u00ab\u00a0petite maison dans la prairie\u00a0\u00bb. Pourtant ces hommes et ces femmes restent imperturbables face aux sir\u00e8nes de [&hellip;]","og_url":"https:\/\/martarossignol.com\/en\/vimeo-amish-un-monde-decale\/","og_site_name":"Marta Rossignol","article_modified_time":"2021-03-07T20:12:11+00:00","twitter_card":"summary_large_image","twitter_misc":{"Est. reading time":"1 minute"},"schema":{"@context":"https:\/\/schema.org","@graph":[{"@type":"WebPage","@id":"https:\/\/martarossignol.com\/vimeo-amish-un-monde-decale\/","url":"https:\/\/martarossignol.com\/vimeo-amish-un-monde-decale\/","name":"Vimeo - Amish, un monde d\u00e9cal\u00e9 - Marta Rossignol","isPartOf":{"@id":"https:\/\/martarossignol.com\/#website"},"datePublished":"2020-03-16T15:13:20+00:00","dateModified":"2021-03-07T20:12:11+00:00","breadcrumb":{"@id":"https:\/\/martarossignol.com\/vimeo-amish-un-monde-decale\/#breadcrumb"},"inLanguage":"en-US","potentialAction":[{"@type":"ReadAction","target":["https:\/\/martarossignol.com\/vimeo-amish-un-monde-decale\/"]}]},{"@type":"BreadcrumbList","@id":"https:\/\/martarossignol.com\/vimeo-amish-un-monde-decale\/#breadcrumb","itemListElement":[{"@type":"ListItem","position":1,"name":"Accueil","item":"https:\/\/martarossignol.com\/"},{"@type":"ListItem","position":2,"name":"Vimeo &#8211; Amish, un monde d\u00e9cal\u00e9"}]},{"@type":"WebSite","@id":"https:\/\/martarossignol.com\/#website","url":"https:\/\/martarossignol.com\/","name":"Marta Rossignol","description":"Auteur photographe","potentialAction":[{"@type":"SearchAction","target":{"@type":"EntryPoint","urlTemplate":"https:\/\/martarossignol.com\/?s={search_term_string}"},"query-input":{"@type":"PropertyValueSpecification","valueRequired":true,"valueName":"search_term_string"}}],"inLanguage":"en-US"}]}},"_links":{"self":[{"href":"https:\/\/martarossignol.com\/en\/wp-json\/wp\/v2\/pages\/7431","targetHints":{"allow":["GET"]}}],"collection":[{"href":"https:\/\/martarossignol.com\/en\/wp-json\/wp\/v2\/pages"}],"about":[{"href":"https:\/\/martarossignol.com\/en\/wp-json\/wp\/v2\/types\/page"}],"author":[{"embeddable":true,"href":"https:\/\/martarossignol.com\/en\/wp-json\/wp\/v2\/users\/1"}],"replies":[{"embeddable":true,"href":"https:\/\/martarossignol.com\/en\/wp-json\/wp\/v2\/comments?post=7431"}],"version-history":[{"count":16,"href":"https:\/\/martarossignol.com\/en\/wp-json\/wp\/v2\/pages\/7431\/revisions"}],"predecessor-version":[{"id":11073,"href":"https:\/\/martarossignol.com\/en\/wp-json\/wp\/v2\/pages\/7431\/revisions\/11073"}],"wp:attachment":[{"href":"https:\/\/martarossignol.com\/en\/wp-json\/wp\/v2\/media?parent=7431"}],"curies":[{"name":"wp","href":"https:\/\/api.w.org\/{rel}","templated":true}]}}